{"id":12,"date":"2015-12-21T07:55:48","date_gmt":"2015-12-21T07:55:48","guid":{"rendered":"http:\/\/vision.webaufstieg.de\/?page_id=12"},"modified":"2016-04-07T20:47:23","modified_gmt":"2016-04-07T19:47:23","slug":"cooperation-partners","status":"publish","type":"page","link":"https:\/\/www.vision-research.de\/en\/workgroup\/cooperation-partners\/","title":{"rendered":"Cooperation Partners"},"content":{"rendered":"<div class=\"person_page_block\">\n            \t\t\n<div class=\"row \">\n            \t\t\n<div class=\"col-md-3  col-sm-6\">\n\t\t\t\t\t\t\t<div class=\"partners_block\">\n\t\t\t\t\t\t\t\t<div class=\"partners_block_sub\">\n\t\t\t\t\t\t\t\t\t<span><a href=\"http:\/\/www.daimler.com\/de\/\">Daimler<\/a><\/span>\n\t\t\t\t\t\t\t\t\tStuttgart, DE\n\t\t\t\t\t\t\t\t<\/div>\n\t\t\t\t\t\t\t<\/div>\n\t\t\t\t\t\t<\/div>\n<div class=\"col-md-3  col-sm-6\">\n\t\t\t\t\t\t\t<div class=\"partners_block\">\n\t\t\t\t\t\t\t\t<div class=\"partners_block_sub\">\n\t\t\t\t\t\t\t\t\t<span><a href=\"http:\/\/www.ergoneers.com\/\">Ergoneers<\/a><\/span>\n\t\t\t\t\t\t\t\t\tManching, DE\n\t\t\t\t\t\t\t\t<\/div>\n\t\t\t\t\t\t\t<\/div>\n\t\t\t\t\t\t<\/div>\n<div class=\"col-md-3  col-sm-6\">\n\t\t\t\t\t\t\t<div class=\"partners_block\">\n\t\t\t\t\t\t\t\t<div class=\"partners_block_sub\">\n\t\t\t\t\t\t\t\t\t<span><a href=\"http:\/\/www.haag-streit.de\/\">Haag-Streit<\/a><\/span>\n\t\t\t\t\t\t\t\t\tWedel, DE\n\t\t\t\t\t\t\t\t<\/div>\n\t\t\t\t\t\t\t<\/div>\n\t\t\t\t\t\t<\/div>\n\n\t\t\t\t\t<\/div>\n<div class=\"row \">\n            \t\t\n<div class=\"col-md-3  col-sm-6\">\n\t\t\t\t\t\t\t<div class=\"partners_block\">\n\t\t\t\t\t\t\t\t<div class=\"partners_block_sub\">\n\t\t\t\t\t\t\t\t\t<span><a href=\"http:\/\/www.haag-streit.com\/\">Haag-Streit<\/a><\/span>\n\t\t\t\t\t\t\t\t\tK\u00f6niz, CH\n\t\t\t\t\t\t\t\t<\/div>\n\t\t\t\t\t\t\t<\/div>\n\t\t\t\t\t\t<\/div>\n<div class=\"col-md-3  col-sm-6\">\n\t\t\t\t\t\t\t<div class=\"partners_block\">\n\t\t\t\t\t\t\t\t<div class=\"partners_block_sub\">\n\t\t\t\t\t\t\t\t\t<span><a href=\"http:\/\/www.kowa.eu\/home\/de\/\">Kowa<\/a><\/span>\n\t\t\t\t\t\t\t\t\tD\u00fcsseldorf, DE\n\t\t\t\t\t\t\t\t<\/div>\n\t\t\t\t\t\t\t<\/div>\n\t\t\t\t\t\t<\/div>\n<div class=\"col-md-3  col-sm-6\">\n\t\t\t\t\t\t\t<div class=\"partners_block\">\n\t\t\t\t\t\t\t\t<div class=\"partners_block_sub\">\n\t\t\t\t\t\t\t\t\t<span><a href=\"http:\/\/www.oculus.de\/\">Oculus<\/a><\/span>\n\t\t\t\t\t\t\t\t\tDutenhofen, DE\n\t\t\t\t\t\t\t\t<\/div>\n\t\t\t\t\t\t\t<\/div>\n\t\t\t\t\t\t<\/div>\n\n\t\t\t\t\t<\/div>\n<div class=\"row \">\n            \t\t\n<div class=\"col-md-3  col-sm-6\">\n\t\t\t\t\t\t\t<div class=\"partners_block\">\n\t\t\t\t\t\t\t\t<div class=\"partners_block_sub\">\n\t\t\t\t\t\t\t\t\t<span><a href=\"http:\/\/www.rodenstock.de\">Rodenstock<\/a><\/span>\n\t\t\t\t\t\t\t\t\tM\u00fcnchen, DE\n\t\t\t\t\t\t\t\t<\/div>\n\t\t\t\t\t\t\t<\/div>\n\t\t\t\t\t\t<\/div>\n<div class=\"col-md-3  col-sm-6\">\n\t\t\t\t\t\t\t<div class=\"partners_block\">\n\t\t\t\t\t\t\t\t<div class=\"partners_block_sub\">\n\t\t\t\t\t\t\t\t\t<span><a href=\"http:\/\/www.zeiss.de\/\">Zeiss<\/a><\/span>\n\t\t\t\t\t\t\t\t\tAalen, Oberkochen, DE\n\t\t\t\t\t\t\t\t<\/div>\n\t\t\t\t\t\t\t<\/div>\n\t\t\t\t\t\t<\/div>\n<div class=\"col-md-3  col-sm-6\">\n\t\t\t\t\t\t\t<div class=\"partners_block\">\n\t\t\t\t\t\t\t\t<div class=\"partners_block_sub\">\n\t\t\t\t\t\t\t\t\t<span><a href=\"#\"><\/a><\/span>\n\t\t\t\t\t\t\t\t\t\n\t\t\t\t\t\t\t\t<\/div>\n\t\t\t\t\t\t\t<\/div>\n\t\t\t\t\t\t<\/div>\n\n\t\t\t\t\t<\/div>\n<div class=\"row \">\n            \t\t\n<div class=\"col-md-6  col-sm-6\">\n\t\t<div class=\"partners_block\">\n\t\t\t<div class=\"partners_block_sub\">\n\t\t\t\t<span><a href=\"http:\/\/www.medizin.uni-tuebingen.de\/augenklinik\/\">Forschungsinstut f\u00fcr Experimentelle Ophthalmologie<\/a><\/span>\n\t\t\t\tT\u00fcbingen, DE\n\t\t\t<\/div>\n\t\t<\/div>\n\t<\/div>\n<div class=\"col-md-6  col-sm-6\">\n\t\t<div class=\"partners_block\">\n\t\t\t<div class=\"partners_block_sub\">\n\t\t\t\t<span><a href=\"http:\/\/www.wivw.de\/\">W\u00fcrzburger Institut f\u00fcr Verkehrswissenschaften (WIVW)<\/a><\/span>\n\t\t\t\tVeitsh\u00f6chheim, DE\n\t\t\t<\/div>\n\t\t<\/div>\n\t<\/div>\n<div class=\"col-md-6  col-sm-6\">\n\t\t<div class=\"partners_block\">\n\t\t\t<div class=\"partners_block_sub\">\n\t\t\t\t<span><a href=\"http:\/\/www.medizin.uni-tuebingen.de\/augenklinik\/\">Universit\u00e4ts-Augenklinik T\u00fcbingen<\/a><\/span>\n\t\t\t\tT\u00fcbingen, DE\n\t\t\t<\/div>\n\t\t<\/div>\n\t<\/div>\n<div class=\"col-md-6  col-sm-6\">\n\t\t<div class=\"partners_block\">\n\t\t\t<div class=\"partners_block_sub\">\n\t\t\t\t<span><a href=\"http:\/\/www.ti.uni-tuebingen.de\/\">Lehrstuhl f\u00fcr Technische Informatik (Uni T\u00fcbingen)<\/a><\/span>\n\t\t\t\tProf. Dr. Wolfgang ROSENSTIEL <\/br> Prof. Dr. Enkekejda KASNECI <\/br> T\u00fcbingen, DE\n\t\t\t<\/div>\n\t\t<\/div>\n\t<\/div>\n\n\t\t\t\t\t<\/div>\n<hr \/>\n<div class=\"row \">\n            \t\t\n<div class=\"col-md-6  col-sm-6\">\n\t\t<div class=\"partners_block\">\n\t\t\t<div class=\"partners_block_sub\">\n\t\t\t\t<span><a href=\"http:\/\/hs-aalen.de\/courses\/6\">Prof. Dr. J\u00fcrgen NOLTING<\/a><\/span>\n\t\t\t\tSteinbeis Transferzentrum<\/br> Hochschule Aalen <\/br> Aalen,DE\n\t\t\t<\/div>\n\t\t<\/div>\n\t<\/div>\n<div class=\"col-md-6  col-sm-6\">\n\t\t<div class=\"partners_block\">\n\t\t\t<div class=\"partners_block_sub\">\n\t\t\t\t<span><a href=\"https:\/\/www.hs-aalen.de\/courses\/43\">Prof. Dr. G\u00fcnter DITTMAR<\/a><\/span>\n\t\t\t\tSteinbeis Transferzentrum<\/br> Hochschule Aalen <\/br> Aalen, DE\n\t\t\t<\/div>\n\t\t<\/div>\n\t<\/div>\n<div class=\"col-md-6  col-sm-6\">\n\t\t<div class=\"partners_block\">\n\t\t\t<div class=\"partners_block_sub\">\n\t\t\t\t<span><a href=\"https:\/\/www.hs-aalen.de\/courses\/32\">Prof. Dr. Peter EICHINGER<\/a><\/span>\n\t\t\t\tHochschule Aalen<\/br> Mechatronik <\/br> Aalen, DE\n\t\t\t<\/div>\n\t\t<\/div>\n\t<\/div>\n<div class=\"col-md-6  col-sm-6\">\n\t\t<div class=\"partners_block\">\n\t\t\t<div class=\"partners_block_sub\">\n\t\t\t\t<span><a href=\"https:\/\/www.hs-aalen.de\/courses\/32\">Prof. Dr.-Ing. Ulrich SCHMITT<\/a><\/span>\n\t\t\t\tHochschule Aalen<\/br> Mechatronik <\/br> Aalen, DE\n\t\t\t<\/div>\n\t\t<\/div>\n\t<\/div>\n\n\t\t\t\t\t<\/div>\n<hr \/>\n<div class=\"row \">\n            \t\t<div class=\"col-md-6  col-sm-6\">\n\t\t<div class=\"partners_block\">\n\t\t\t<div class=\"partners_block_sub\">\n\t\t\t\t<span><a href=\"http:\/\/plymouth.academia.edu\/PaulArtes\">Dr. Paul ARTES<\/a><\/span>\n\t\t\t\tPlymouth University <\/br> Plymouth, UK\n\t\t\t<\/div>\n\t\t<\/div>\n\t<\/div>\n<div class=\"col-md-6  col-sm-6\">\n\t\t<div class=\"partners_block\">\n\t\t\t<div class=\"partners_block_sub\">\n\t\t\t\t<span><a href=\"http:\/\/www.cardiff.ac.uk\/people\/view\/38257-wild-john\">Prof. John WILD<\/a><\/span>\n\t\t\t\tUniversity of Cardiff <\/br> Cardiff, UK\n\t\t\t<\/div>\n\t\t<\/div>\n\t<\/div>\n<div class=\"col-md-6  col-sm-6\">\n\t\t<div class=\"partners_block\">\n\t\t\t<div class=\"partners_block_sub\">\n\t\t\t\t<span><a href=\"http:\/\/jps.umin.jp\/English\/e-jps-yakuin.html\">Chota MATSUMOTO<\/a><\/span>\n\t\t\t\tKinki University <\/br> Faculty of Medicine <\/br> Kinki, JP\n\t\t\t<\/div>\n\t\t<\/div>\n\t<\/div>\n<div class=\"col-md-6  col-sm-6\">\n\t\t<div class=\"partners_block\">\n\t\t\t<div class=\"partners_block_sub\">\n\t\t\t\t<span><a href=\"http:\/\/vfrc.ophth.uiowa.edu\/node\/17\">Chris A. JOHNSON, PhD<\/a><\/span>\n\t\t\t\tVisual Field Reading Center <\/br> Visual Field Testing and Neuro-Ophthalmology  <\/br> Iowa City, US\n\t\t\t<\/div>\n\t\t<\/div>\n\t<\/div>\n<div class=\"col-md-6  col-sm-6\">\n\t\t<div class=\"partners_block\">\n\t\t\t<div class=\"partners_block_sub\">\n\t\t\t\t<span><a href=\"http:\/\/www.uhl.gr\/uhlen\/index.html\">Dr. Eleni PAPAGEORGIOU<\/a><\/span>\n\t\t\t\tUniversity of Larissa <\/br> Larissa, GR\n\t\t\t<\/div>\n\t\t<\/div>\n\t<\/div>\n<div class=\"col-md-6  col-sm-6\">\n\t\t<div class=\"partners_block\">\n\t\t\t<div class=\"partners_block_sub\">\n\t\t\t\t<span><a href=\"http:\/\/people.eng.unimelb.edu.au\/aturpin\/\">Prof. Andrew TURPIN BCom BSci(Hons) PhD<\/a><\/span>\n\t\t\t\tUniversity of Melbourne <\/br> Department of Computing and Information Systems <\/br> Melbourne, AU\n\t\t\t<\/div>\n\t\t<\/div>\n\t<\/div>\n<div class=\"col-md-6  col-sm-6\">\n\t\t<div class=\"partners_block\">\n\t\t\t<div class=\"partners_block_sub\">\n\t\t\t\t<span><a href=\"http:\/\/jultika.oulu.fi\/Author\/Home?author=Nevalainen%2C%20Jukka\">Dr. Jukka NEVALAINEN<\/a><\/span>\n\t\t\t\tOulu, FI \n\t\t\t<\/div>\n\t\t<\/div>\n\t<\/div>\n<div class=\"col-md-6  col-sm-6\">\n\t\t<div class=\"partners_block\">\n\t\t\t<div class=\"partners_block_sub\">\n\t\t\t\t<span><a href=\"http:\/\/www.umlub.pl\/en\/\">Dr. Kasia NOWOMIESKA<\/a><\/span>\n\t\t\t\tLublin, PL\n\t\t\t<\/div>\n\t\t<\/div>\n\t<\/div>\n<div class=\"col-md-6  col-sm-6\">\n\t\t<div class=\"partners_block\">\n\t\t\t<div class=\"partners_block_sub\">\n\t\t\t\t<span><a href=\"http:\/\/www.nomdo.nl\/\">Nomdo M. JANSONIUS, MD, PhD<\/a><\/span>\n\t\t\t\tUniversity of Groningen <\/br> Department of Ophthalmology  <\/br> Groningen, NL \n\t\t\t<\/div>\n\t\t<\/div>\n\t<\/div>\n<div class=\"col-md-6  col-sm-6\">\n\t\t<div class=\"partners_block\">\n\t\t\t<div class=\"partners_block_sub\">\n\t\t\t\t<span><a href=\"https:\/\/www.uniklinik-freiburg.de\/augenklinik\/augenklinik\/mitarbeiter\/heinrich.html\">PD Dr. rer. nat. Sven HEINRICH<\/a><\/span>\n\t\t\t\tUniversit\u00e4ts-Augenklinik Freiburg<\/br>Section for Functional Vision Research<\/br> Freiburg, DE \n\t\t\t<\/div>\n\t\t<\/div>\n\t<\/div>\n<div class=\"col-md-6  col-sm-6\">\n\t\t<div class=\"partners_block\">\n\t\t\t<div class=\"partners_block_sub\">\n\t\t\t\t<span><a href=\"http:\/\/www.michaelbach.de\/ot\/\">PD Dr. rer. nat. Michael BACH<\/a><\/span>\n\t\t\t\tUniversit\u00e4ts-Augenklinik Freiburg<\/br>Section for Functional Vision Research<\/br> Freiburg, DE \n\t\t\t<\/div>\n\t\t<\/div>\n\t<\/div>\n<div class=\"col-md-6  col-sm-6\">\n\t\t<div class=\"partners_block\">\n\t\t\t<div class=\"partners_block_sub\">\n\t\t\t\t<span><a href=\"http:\/\/www.ohsu.edu\/xd\/health\/services\/providers\/index.cfm?personid=816\">Richard G. WELEBER, M.D.<\/a><\/span>\n\t\t\t\tOregon Health & Science University <\/br>Ophthalmology  <\/br> Portland, US\n\t\t\t<\/div>\n\t\t<\/div>\n\t<\/div>\n<div class=\"col-md-6  col-sm-6\">\n\t\t<div class=\"partners_block\">\n\t\t\t<div class=\"partners_block_sub\">\n\t\t\t\t<span><a href=\"http:\/\/www.medizin.uni-tuebingen.de\/-p-15966-path-1,126,589,506,731,2140,50530,28440.html?rewrite_engine=id\">Prof. Dr. med. Dorothea BESCH<\/a><\/span>\n\t\t\t\tUniversit\u00e4ts-Augenklinik T\u00fcbingen <\/br> Sektion f\u00fcr Motilit\u00e4tsst\u00f6rungen, periokul\u00e4re Chirurgie und Kinderophthalmologie <\/br>T\u00fcbingen, DE\n\t\t\t<\/div>\n\t\t<\/div>\n\t<\/div>\n<div class=\"col-md-6  col-sm-6\">\n\t\t<div class=\"partners_block\">\n\t\t\t<div class=\"partners_block_sub\">\n\t\t\t\t<span><a href=\"https:\/\/www.uniklinik-freiburg.de\/augenklinik.html\">Prof. Dr. Wolf A. LAGR\u00c8ZE<\/a><\/span>\n\t\t\t\tUniversit\u00e4ts-Augenklinik Freiburg <\/br> Freiburg, DE\n\t\t\t<\/div>\n\t\t<\/div>\n\t<\/div>\n\n\t\t\t\t\t<\/div>\n\n\t\t\t\t\t<\/div>\n","protected":false},"excerpt":{"rendered":"","protected":false},"author":1,"featured_media":0,"parent":6,"menu_order":6,"comment_status":"closed","ping_status":"closed","template":"","meta":{"_acf_changed":false,"footnotes":""},"class_list":["post-12","page","type-page","status-publish","hentry"],"acf":[],"_links":{"self":[{"href":"https:\/\/www.vision-research.de\/en\/wp-json\/wp\/v2\/pages\/12","targetHints":{"allow":["GET"]}}],"collection":[{"href":"https:\/\/www.vision-research.de\/en\/wp-json\/wp\/v2\/pages"}],"about":[{"href":"https:\/\/www.vision-research.de\/en\/wp-json\/wp\/v2\/types\/page"}],"author":[{"embeddable":true,"href":"https:\/\/www.vision-research.de\/en\/wp-json\/wp\/v2\/users\/1"}],"replies":[{"embeddable":true,"href":"https:\/\/www.vision-research.de\/en\/wp-json\/wp\/v2\/comments?post=12"}],"version-history":[{"count":22,"href":"https:\/\/www.vision-research.de\/en\/wp-json\/wp\/v2\/pages\/12\/revisions"}],"predecessor-version":[{"id":1061,"href":"https:\/\/www.vision-research.de\/en\/wp-json\/wp\/v2\/pages\/12\/revisions\/1061"}],"up":[{"embeddable":true,"href":"https:\/\/www.vision-research.de\/en\/wp-json\/wp\/v2\/pages\/6"}],"wp:attachment":[{"href":"https:\/\/www.vision-research.de\/en\/wp-json\/wp\/v2\/media?parent=12"}],"curies":[{"name":"wp","href":"https:\/\/api.w.org\/{rel}","templated":true}]}}